{"id":47,"date":"2026-03-25T10:23:57","date_gmt":"2026-03-25T10:23:57","guid":{"rendered":"https:\/\/fuoriruolo.it\/?page_id=47"},"modified":"2026-04-22T14:18:07","modified_gmt":"2026-04-22T14:18:07","slug":"home","status":"publish","type":"page","link":"https:\/\/fuoriruolo.it\/","title":{"rendered":"Home"},"content":{"rendered":"\n<div class=\"wp-block-cover alignfull is-light .page-id-47 .wp-block-cover { width: 100vw; margin-left: calc(50% - 50vw); max-width: } has-large-font-size uag-hide-mob wp-duotone-purple-green\" style=\"margin-top:0;margin-bottom:0;padding-top:0;padding-right:var(--wp--preset--spacing--40);padding-bottom:0;padding-left:var(--wp--preset--spacing--40);min-height:680px;aspect-ratio:unset;\"><video class=\"wp-block-cover__video-background intrinsic-ignore\" autoplay muted loop playsinline src=\"https:\/\/fuoriruolo.it\/wp-content\/uploads\/2026\/03\/download-1-1-1.mp4\" data-object-fit=\"cover\"><\/video><span aria-hidden=\"true\" class=\"wp-block-cover__background has-theme-palette-3-background-color has-background-dim-10 has-background-dim\"><\/span><div class=\"wp-block-cover__inner-container is-layout-constrained wp-container-core-cover-is-layout-0af4cb81 wp-block-cover-is-layout-constrained\">\n<div class=\"wp-block-columns is-layout-flex wp-container-core-columns-is-layout-9d6595d7 wp-block-columns-is-layout-flex\">\n<div class=\"wp-block-column is-vertically-aligned-center is-layout-flow wp-block-column-is-layout-flow\" style=\"padding-top:0;padding-right:0;padding-bottom:0;padding-left:0;flex-basis:100%\">\n<div class=\"wp-block-columns is-layout-flex wp-container-core-columns-is-layout-9d6595d7 wp-block-columns-is-layout-flex\">\n<div class=\"wp-block-column is-layout-flow wp-block-column-is-layout-flow\">\n<figure class=\"wp-block-image size-large has-custom-border uag-hide-mob wp-duotone-unset-1\" style=\"margin-bottom:0\"><img loading=\"lazy\" decoding=\"async\" width=\"1024\" height=\"1024\" src=\"https:\/\/fuoriruolo.it\/wp-content\/uploads\/2026\/02\/Anywhere-studio-11.\u250023.-march-2030-2-1024x1024.png\" alt=\"\" class=\"wp-image-22\" style=\"border-style:none;border-width:0px;border-top-left-radius:0px;border-top-right-radius:0px;border-bottom-left-radius:0px;border-bottom-right-radius:0px;object-fit:cover\" srcset=\"https:\/\/fuoriruolo.it\/wp-content\/uploads\/2026\/02\/Anywhere-studio-11.\u250023.-march-2030-2-1024x1024.png 1024w, https:\/\/fuoriruolo.it\/wp-content\/uploads\/2026\/02\/Anywhere-studio-11.\u250023.-march-2030-2-300x300.png 300w, https:\/\/fuoriruolo.it\/wp-content\/uploads\/2026\/02\/Anywhere-studio-11.\u250023.-march-2030-2-150x150.png 150w, https:\/\/fuoriruolo.it\/wp-content\/uploads\/2026\/02\/Anywhere-studio-11.\u250023.-march-2030-2-768x768.png 768w, https:\/\/fuoriruolo.it\/wp-content\/uploads\/2026\/02\/Anywhere-studio-11.\u250023.-march-2030-2-1536x1536.png 1536w, https:\/\/fuoriruolo.it\/wp-content\/uploads\/2026\/02\/Anywhere-studio-11.\u250023.-march-2030-2-600x600.png 600w, https:\/\/fuoriruolo.it\/wp-content\/uploads\/2026\/02\/Anywhere-studio-11.\u250023.-march-2030-2.png 2000w\" sizes=\"auto, (max-width: 1024px) 100vw, 1024px\" \/><\/figure>\n<\/div>\n\n\n\n<div class=\"wp-block-column is-vertically-aligned-top is-layout-flow wp-block-column-is-layout-flow\">\n<p class=\"has-theme-palette-7-color has-text-color has-link-color wp-elements-814b5064d0f062774ff8e49588344827\" style=\"margin-top:var(--wp--preset--spacing--80);padding-top:var(--wp--preset--spacing--70);padding-right:var(--wp--preset--spacing--60);padding-bottom:0;padding-left:var(--wp--preset--spacing--60);font-size:30px\"><strong>Creiamo occasioni di incontro per unire persone e passioni, tra store di sport, libri, racconti e domande<\/strong>.<\/p>\n\n\n\n<div class=\"wp-block-buttons is-content-justification-center is-layout-flex wp-container-core-buttons-is-layout-d978b417 wp-block-buttons-is-layout-flex\" style=\"margin-top:var(--wp--preset--spacing--60)\">\n<div class=\"wp-block-button has-custom-width wp-block-button__width-50 is-style-fill\"><a class=\"wp-block-button__link has-theme-palette-4-color has-text-color has-background has-link-color has-medium-font-size has-text-align-center has-custom-font-size wp-element-button\" style=\"border-style:none;border-width:0px;background-color:#c8ff00;font-style:normal;font-weight:100;line-height:1.6\" rel=\"#eventi\">Scopri gli eventi    \u2193<\/a><\/div>\n<\/div>\n<\/div>\n<\/div>\n<\/div>\n<\/div>\n<\/div><\/div>\n\n\n\n<div class=\"wp-block-cover alignfull is-light .page-id-47 .wp-block-cover { width: 100vw; margin-left: calc(50% - 50vw); max-width: } has-large-font-size uag-hide-desktop wp-duotone-purple-green\" style=\"margin-top:0;margin-bottom:0;padding-top:var(--wp--preset--spacing--60);padding-right:var(--wp--preset--spacing--40);padding-bottom:var(--wp--preset--spacing--60);padding-left:var(--wp--preset--spacing--40);min-height:537px;aspect-ratio:unset;\"><video class=\"wp-block-cover__video-background intrinsic-ignore\" autoplay muted loop playsinline src=\"https:\/\/fuoriruolo.it\/wp-content\/uploads\/2026\/03\/download-1-1-1.mp4\" data-object-fit=\"cover\"><\/video><span aria-hidden=\"true\" class=\"wp-block-cover__background has-theme-palette-3-background-color has-background-dim-40 has-background-dim\"><\/span><div class=\"wp-block-cover__inner-container is-layout-constrained wp-container-core-cover-is-layout-bda64228 wp-block-cover-is-layout-constrained\">\n<div class=\"wp-block-columns is-layout-flex wp-container-core-columns-is-layout-9d6595d7 wp-block-columns-is-layout-flex\">\n<div class=\"wp-block-column is-vertically-aligned-center is-layout-flow wp-block-column-is-layout-flow\" style=\"padding-top:var(--wp--preset--spacing--70);padding-right:0;padding-bottom:0;padding-left:0;flex-basis:100%\">\n<div class=\"wp-block-columns is-layout-flex wp-container-core-columns-is-layout-9d6595d7 wp-block-columns-is-layout-flex\">\n<div class=\"wp-block-column is-vertically-aligned-top is-layout-flow wp-block-column-is-layout-flow\" style=\"padding-top:0;padding-bottom:0\">\n<p class=\"has-text-align-left has-theme-palette-7-color has-text-color has-link-color wp-elements-cec45456f50db1bc7c5a0e24a84f6519\" style=\"margin-top:0;margin-bottom:var(--wp--preset--spacing--70);padding-top:0;padding-right:var(--wp--preset--spacing--30);padding-bottom:0;padding-left:var(--wp--preset--spacing--50);font-size:25px\"><strong>Creiamo occasioni di incontro per unire persone e passioni, tra store di sport, libri, racconti e domande<\/strong>.<\/p>\n\n\n\n<div class=\"wp-block-buttons is-content-justification-center is-layout-flex wp-container-core-buttons-is-layout-16018d1d wp-block-buttons-is-layout-flex\">\n<div class=\"wp-block-button has-custom-width wp-block-button__width-75 is-style-fill\"><a class=\"wp-block-button__link has-theme-palette-4-color has-text-color has-background has-link-color has-medium-font-size has-text-align-center has-custom-font-size wp-element-button\" style=\"border-style:none;border-width:0px;background-color:#c8ff00;font-style:normal;font-weight:100;line-height:1.6\" rel=\"#eventi\">Scopri gli eventi   \u2193<\/a><\/div>\n<\/div>\n<\/div>\n<\/div>\n<\/div>\n<\/div>\n<\/div><\/div>\n\n\n\n<div class=\"wp-block-columns manifesto has-background is-layout-flex wp-container-core-columns-is-layout-24e6c570 wp-block-columns-is-layout-flex\" style=\"background-color:#f3f3f3;margin-bottom:var(--wp--preset--spacing--80);padding-right:var(--wp--preset--spacing--40);padding-left:var(--wp--preset--spacing--40)\">\n<div class=\"wp-block-column is-layout-flow wp-block-column-is-layout-flow\">\n<div class=\"wp-block-group has-theme-palette-8-color has-text-color has-background has-link-color uag-hide-desktop wp-elements-7a8d3619bf13605713a2c25ceed94c11\" style=\"background-color:#f3f3f3;margin-top:0;margin-bottom:0;padding-top:30px;padding-right:20px;padding-bottom:30px;padding-left:20px\"><div class=\"wp-block-group__inner-container is-layout-constrained wp-container-core-group-is-layout-2f76be4a wp-block-group-is-layout-constrained\">\n<p class=\"has-text-color has-link-color wp-elements-b94447401b5ffbfc666459f109e6d4d3\" style=\"color:#b9ec00;font-size:16px;text-transform:uppercase\"><strong>Il progetto<\/strong><\/p>\n\n\n\n<h4 class=\"wp-block-heading has-theme-palette-8-color has-text-color has-link-color wp-elements-b172ce8d434060a588f5be93f9e6ae23\" style=\"margin-bottom:var(--wp--preset--spacing--40);font-size:20px;text-transform:none\">Lo sport non \u00e8 solo gesto atletico &#8211; \u00e8 narrazione collettiva, identit\u00e0, domanda sul senso<\/h4>\n\n\n\n<p class=\"has-text-color has-link-color wp-elements-d284eb0028deb593389a158497e203b5\" style=\"border-left-color:#aaa9a4;color:#707070;padding-top:var(--wp--preset--spacing--20);padding-right:var(--wp--preset--spacing--40);padding-bottom:var(--wp--preset--spacing--40);padding-left:var(--wp--preset--spacing--50);font-size:16px;line-height:1.9\"><strong><em>Fuori Ruolo<\/em><\/strong> organizza incontri pubblici e laboratori a tema sportivo in cui libri e storie diventano pretesto per per stare insieme e pensare. Lavoriamo con appassionati, atleti, allenatori, genitori e bambini &#8211; in club e circoli sportivi, scuole e federazioni &#8211; per creare spazi di dialogo e riflessione dentro il mondo dello sport.<\/p>\n\n\n\n<div class=\"wp-block-columns is-layout-flex wp-container-core-columns-is-layout-5e5ab11d wp-block-columns-is-layout-flex\" style=\"margin-top:var(--wp--preset--spacing--60);margin-bottom:var(--wp--preset--spacing--60);padding-top:0px;padding-right:var(--wp--preset--spacing--60);padding-bottom:0px;padding-left:var(--wp--preset--spacing--60)\">\n<div class=\"wp-block-column is-layout-flow wp-block-column-is-layout-flow\">\n<h4 class=\"wp-block-heading has-text-align-center has-text-color has-link-color wp-elements-a313eb05246b6b262a3c11ab7baf0ce0\" style=\"color:#da7644;text-transform:none\"><strong>Incontri pubblici<\/strong><\/h4>\n\n\n\n<p class=\"has-text-align-center\" style=\"padding-right:0;padding-left:0;font-size:16px\"><strong>Eventi per tutti con ospiti, presentazioni di libri e letture condivise. Momenti conviviali in cui dialogare attorno agli sport che amiamo.<\/strong><\/p>\n<\/div>\n\n\n\n<div class=\"wp-block-column is-layout-flow wp-block-column-is-layout-flow\">\n<h4 class=\"wp-block-heading has-text-align-center has-text-color has-link-color wp-elements-be468362143cec49d435fd1f62d60018\" style=\"color:#da7644\"><strong>Formazioni <\/strong><\/h4>\n\n\n\n<p class=\"has-text-align-center\" style=\"padding-right:0;padding-left:0;font-size:16px\"><strong>Per allenatori, dirigenti, operatori sportivi e genitori. Per valorizzare il pensiero di bambini e ragazzi e rafforzare la comunit\u00e0 sportiva.<\/strong><\/p>\n<\/div>\n\n\n\n<div class=\"wp-block-column is-layout-flow wp-block-column-is-layout-flow\" style=\"padding-right:0;padding-left:0\">\n<h4 class=\"wp-block-heading has-text-align-center has-text-color has-link-color wp-elements-089df8a64ac958249e41d4bfdac829c2\" style=\"color:#da7644\"><strong>Laboratori<\/strong><\/h4>\n\n\n\n<p class=\"has-text-align-center\" style=\"font-size:16px\"><strong>Per bambini e ragazzi dentro i contesti che gi\u00e0 frequentano per praticare sport. Filosofia, creativit\u00e0, promozione della lettura e dialogo,<\/strong><\/p>\n<\/div>\n<\/div>\n<\/div><\/div>\n<\/div>\n<\/div>\n\n\n\n<div class=\"wp-block-columns manifesto has-background uag-hide-mob is-layout-flex wp-container-core-columns-is-layout-24e6c570 wp-block-columns-is-layout-flex\" style=\"background-color:#f3f3f3;margin-bottom:var(--wp--preset--spacing--80);padding-right:var(--wp--preset--spacing--40);padding-left:var(--wp--preset--spacing--40)\">\n<div class=\"wp-block-column is-layout-flow wp-block-column-is-layout-flow\">\n<div class=\"wp-block-group has-theme-palette-8-color has-text-color has-background has-link-color wp-elements-65874b68a5ba0fdee8c50642d3c8d766\" style=\"background-color:#f3f3f3;padding-top:40px;padding-right:95px;padding-bottom:80px;padding-left:95px\"><div class=\"wp-block-group__inner-container is-layout-constrained wp-container-core-group-is-layout-9bbd204c wp-block-group-is-layout-constrained\">\n<p class=\"has-text-color has-link-color wp-elements-b94447401b5ffbfc666459f109e6d4d3\" style=\"color:#b9ec00;font-size:16px;text-transform:uppercase\"><strong>Il progetto<\/strong><\/p>\n\n\n\n<h4 class=\"wp-block-heading has-theme-palette-8-color has-text-color has-link-color wp-elements-1440d28af48581b31bbba9f51f6aa721\" style=\"margin-bottom:var(--wp--preset--spacing--40);font-size:24px;text-transform:none\">Lo sport non \u00e8 solo gesto atletico &#8211; \u00e8 narrazione collettiva, identit\u00e0, domanda sul senso<\/h4>\n\n\n\n<p class=\"has-text-color has-link-color wp-elements-2851ac1eda613e26a342d4bb602de418\" style=\"border-left-color:#aaa9a4;color:#707070;padding-top:var(--wp--preset--spacing--20);padding-right:var(--wp--preset--spacing--80);padding-bottom:var(--wp--preset--spacing--50);padding-left:var(--wp--preset--spacing--60);font-size:18px;line-height:1.9\"><strong><em>Fuori Ruolo<\/em><\/strong> organizza incontri pubblici e laboratori a tema sportivo in cui libri e storie diventano pretesto per per stare insieme e pensare. Lavoriamo con appassionati, atleti, allenatori, genitori e bambini &#8211; in club e circoli sportivi, scuole e federazioni &#8211; per creare spazi di dialogo e riflessione dentro il mondo dello sport.<\/p>\n\n\n\n<div class=\"wp-block-columns is-layout-flex wp-container-core-columns-is-layout-936a67be wp-block-columns-is-layout-flex\" style=\"margin-top:var(--wp--preset--spacing--70);margin-bottom:var(--wp--preset--spacing--70);padding-top:0px;padding-right:var(--wp--preset--spacing--70);padding-bottom:0px;padding-left:var(--wp--preset--spacing--70)\">\n<div class=\"wp-block-column is-layout-flow wp-block-column-is-layout-flow\">\n<h4 class=\"wp-block-heading has-text-align-center has-text-color has-link-color wp-elements-a313eb05246b6b262a3c11ab7baf0ce0\" style=\"color:#da7644;text-transform:none\"><strong>Incontri pubblici<\/strong><\/h4>\n\n\n\n<p class=\"has-text-align-center\" style=\"padding-right:var(--wp--preset--spacing--40);padding-left:var(--wp--preset--spacing--40)\"><strong>Eventi per tutti con ospiti, presentazioni di libri e letture condivise. Momenti conviviali in cui dialogare attorno agli sport che amiamo.<\/strong><\/p>\n<\/div>\n\n\n\n<div class=\"wp-block-column is-layout-flow wp-block-column-is-layout-flow\">\n<h4 class=\"wp-block-heading has-text-align-center has-text-color has-link-color wp-elements-be468362143cec49d435fd1f62d60018\" style=\"color:#da7644\"><strong>Formazioni <\/strong><\/h4>\n\n\n\n<p class=\"has-text-align-center\" style=\"padding-right:var(--wp--preset--spacing--40);padding-left:var(--wp--preset--spacing--40)\"><strong>Per allenatori, dirigenti, operatori sportivi e genitori. Per valorizzare il pensiero di bambini e ragazzi e rafforzare la comunit\u00e0 sportiva.<\/strong><\/p>\n<\/div>\n\n\n\n<div class=\"wp-block-column is-layout-flow wp-block-column-is-layout-flow\" style=\"padding-right:var(--wp--preset--spacing--40);padding-left:var(--wp--preset--spacing--40)\">\n<h4 class=\"wp-block-heading has-text-align-center has-text-color has-link-color wp-elements-089df8a64ac958249e41d4bfdac829c2\" style=\"color:#da7644\"><strong>Laboratori<\/strong><\/h4>\n\n\n\n<p class=\"has-text-align-center\"><strong>Per bambini e ragazzi dentro i contesti che gi\u00e0 frequentano per praticare sport. Filosofia, creativit\u00e0, promozione della lettura e dialogo,<\/strong><\/p>\n<\/div>\n<\/div>\n<\/div><\/div>\n<\/div>\n<\/div>\n\n\n\n<div class=\"ticker-wrap\">\n  <div class=\"ticker\">\n    <span class=\"ticker-item\">altri modi per pensare lo sport<\/span>\n    <span class=\"ticker-item\">altri modi per pensare lo sport<\/span>\n    <span class=\"ticker-item\">altri modi per pensare lo sport<\/span>\n    <span class=\"ticker-item\">altri modi per pensare lo sport<\/span>\n    <span class=\"ticker-item\">altri modi per pensare lo sport<\/span>\n    <span class=\"ticker-item\">altri modi per pensare lo sport<\/span>\n  <\/div>\n<\/div>\n\n\n\n<div class=\"wp-block-group eventi-home has-theme-palette-8-background-color has-background uag-hide-mob\" style=\"margin-top:var(--wp--preset--spacing--40);margin-bottom:0;padding-top:0px;padding-right:120px;padding-bottom:0px;padding-left:120px;background-image:url(&apos;https:\/\/fuoriruolo.it\/wp-content\/uploads\/2026\/04\/grunge-rough-black-distressed-noise-grain-texture-black-granite-slabs-background-snow-on-black-background-black-background-with-white-glitter-rough-dark-wall-grunge-texture-free-photo-scaled.jpg&apos;);background-size:cover;background-attachment:fixed;\"><div class=\"wp-block-group__inner-container is-layout-constrained wp-container-core-group-is-layout-25e1bdd3 wp-block-group-is-layout-constrained\">\n<h3 class=\"wp-block-heading has-text-align-center has-theme-palette-9-color has-text-color has-link-color wp-elements-fe73e33f4a3299488f3e4097cae8ff2c\" style=\"padding-top:var(--wp--preset--spacing--70);padding-bottom:var(--wp--preset--spacing--60);font-style:normal;font-weight:500;text-transform:uppercase\"><strong>Prossimi eventi<\/strong><\/h3>\n\n\n\n\t\t\t<div class=\"wp-block-uagb-post-grid uagb-post-grid  uagb-post__image-position-top uagb-post__image-enabled uagb-block-1b483ebf     uagb-post__items uagb-post__columns-2 is-grid uagb-post__columns-tablet-2 uagb-post__columns-mobile-1 uagb-post__equal-height\" data-total=\"1\" style=\"\">\n\n\t\t\t\t\t\t\t\t\t\t\t\t<article class=\"uagb-post__inner-wrap\">\t\t\t\t\t\t\t\t<div class='uagb-post__image'>\n\t\t\t\t\t\t\t\t\t<a href=\"https:\/\/fuoriruolo.it\/?eventi=ancora-in-tempo\" target=\"_self\" rel=\"bookmark noopener noreferrer\" class='uagb-image-ratio-inherit'><img loading=\"lazy\" decoding=\"async\" width=\"768\" height=\"1086\" src=\"https:\/\/fuoriruolo.it\/wp-content\/uploads\/2026\/04\/ALTRI-MODI-PER-PENSARE-IL-CALCIO-28-768x1086.jpg\" class=\"attachment-medium_large size-medium_large\" alt=\"\" srcset=\"https:\/\/fuoriruolo.it\/wp-content\/uploads\/2026\/04\/ALTRI-MODI-PER-PENSARE-IL-CALCIO-28-768x1086.jpg 768w, https:\/\/fuoriruolo.it\/wp-content\/uploads\/2026\/04\/ALTRI-MODI-PER-PENSARE-IL-CALCIO-28-212x300.jpg 212w, https:\/\/fuoriruolo.it\/wp-content\/uploads\/2026\/04\/ALTRI-MODI-PER-PENSARE-IL-CALCIO-28-724x1024.jpg 724w, https:\/\/fuoriruolo.it\/wp-content\/uploads\/2026\/04\/ALTRI-MODI-PER-PENSARE-IL-CALCIO-28-1086x1536.jpg 1086w, https:\/\/fuoriruolo.it\/wp-content\/uploads\/2026\/04\/ALTRI-MODI-PER-PENSARE-IL-CALCIO-28.jpg 1414w\" sizes=\"auto, (max-width: 768px) 100vw, 768px\" \/>\t\t\t\t\t<\/a>\n\t\t\t\t\t\t\t<\/div>\n\t\t\t\t\t\t<h4 class=\"uagb-post__title uagb-post__text\">\n\t\t\t\t<a href=\"https:\/\/fuoriruolo.it\/?eventi=ancora-in-tempo\" target=\"_self\" rel=\"bookmark noopener noreferrer\">Ancora in tempo?! allenamenti, pensieri e musica resistenti<\/a>\n\t\t\t<\/h4>\n\t\t\t\t\t\t<div class='uagb-post__text uagb-post-grid-byline'>\n\t\t\t\t\t\t\t<\/div>\n\t\t\t\t\t\t\t<div class='uagb-post__text uagb-post__excerpt'>\n\t\t\t\t\t<p>6-7 giugno 2026 \/ Borgata Paraloup&#8230;\t\t\t\t<\/div>\n\t\t\t\t\t\t<div class=\"uagb-post__text uagb-post__cta wp-block-button\">\n\t\t\t\t<a class=\"wp-block-button__link uagb-text-link\" style=\"\" href=\"https:\/\/fuoriruolo.it\/?eventi=ancora-in-tempo\" target=\"_self\" rel=\"bookmark noopener noreferrer\">Scopri di pi\u00f9<\/a>\n\t\t\t<\/div>\n\t\t\t\n\t\t\t\t\t\t\t\t\t<\/article>\n\t\t\t\t\t\t\t\t\t\t\t\t\t<div class=\"uagb-post-pagination-wrap\">\n\t\t\t\t\t\t\t\t\t\t\t<\/div>\n\t\t\t\t\t\t\t\t<\/div>\n\t\t\t<\/div><\/div>\n\n\n\n<div class=\"wp-block-group eventi-home has-theme-palette-8-background-color has-background uag-hide-desktop\" style=\"margin-top:0;margin-bottom:0;padding-top:0px;padding-right:40px;padding-bottom:0px;padding-left:40px;background-image:url(&apos;https:\/\/fuoriruolo.it\/wp-content\/uploads\/2026\/04\/grunge-rough-black-distressed-noise-grain-texture-black-granite-slabs-background-snow-on-black-background-black-background-with-white-glitter-rough-dark-wall-grunge-texture-free-photo-scaled.jpg&apos;);background-size:cover;background-attachment:fixed;\"><div class=\"wp-block-group__inner-container is-layout-constrained wp-container-core-group-is-layout-af0116d8 wp-block-group-is-layout-constrained\">\n<h3 class=\"wp-block-heading has-theme-palette-9-color has-text-color has-link-color wp-elements-c50f2f28dd4bcb9cf773c8a29a4543ba\" style=\"padding-top:var(--wp--preset--spacing--70);padding-bottom:var(--wp--preset--spacing--40);font-size:20px;font-style:normal;font-weight:500;text-transform:uppercase\"><strong>Prossimi eventi<\/strong><\/h3>\n\n\n\n\t\t\t<div class=\"wp-block-uagb-post-grid uagb-post-grid  uagb-post__image-position-top uagb-post__image-enabled uagb-block-14941ea9     uagb-post__items uagb-post__columns-2 is-grid uagb-post__columns-tablet-2 uagb-post__columns-mobile-1\" data-total=\"1\" style=\"\">\n\n\t\t\t\t\t\t\t\t\t\t\t\t<article class=\"uagb-post__inner-wrap\">\t\t\t\t\t\t\t\t<div class='uagb-post__image'>\n\t\t\t\t\t\t\t\t\t<a href=\"https:\/\/fuoriruolo.it\/?eventi=ancora-in-tempo\" target=\"_self\" rel=\"bookmark noopener noreferrer\" class='uagb-image-ratio-inherit'><img loading=\"lazy\" decoding=\"async\" width=\"724\" height=\"1024\" src=\"https:\/\/fuoriruolo.it\/wp-content\/uploads\/2026\/04\/ALTRI-MODI-PER-PENSARE-IL-CALCIO-28-724x1024.jpg\" class=\"attachment-large size-large\" alt=\"\" srcset=\"https:\/\/fuoriruolo.it\/wp-content\/uploads\/2026\/04\/ALTRI-MODI-PER-PENSARE-IL-CALCIO-28-724x1024.jpg 724w, https:\/\/fuoriruolo.it\/wp-content\/uploads\/2026\/04\/ALTRI-MODI-PER-PENSARE-IL-CALCIO-28-212x300.jpg 212w, https:\/\/fuoriruolo.it\/wp-content\/uploads\/2026\/04\/ALTRI-MODI-PER-PENSARE-IL-CALCIO-28-768x1086.jpg 768w, https:\/\/fuoriruolo.it\/wp-content\/uploads\/2026\/04\/ALTRI-MODI-PER-PENSARE-IL-CALCIO-28-1086x1536.jpg 1086w, https:\/\/fuoriruolo.it\/wp-content\/uploads\/2026\/04\/ALTRI-MODI-PER-PENSARE-IL-CALCIO-28.jpg 1414w\" sizes=\"auto, (max-width: 724px) 100vw, 724px\" \/>\t\t\t\t\t<\/a>\n\t\t\t\t\t\t\t<\/div>\n\t\t\t\t\t\t<h4 class=\"uagb-post__title uagb-post__text\">\n\t\t\t\t<a href=\"https:\/\/fuoriruolo.it\/?eventi=ancora-in-tempo\" target=\"_self\" rel=\"bookmark noopener noreferrer\">Ancora in tempo?! allenamenti, pensieri e musica resistenti<\/a>\n\t\t\t<\/h4>\n\t\t\t\t\t\t<div class='uagb-post__text uagb-post-grid-byline'>\n\t\t\t\t\t\t\t<\/div>\n\t\t\t\t\t\t\t<div class='uagb-post__text uagb-post__excerpt'>\n\t\t\t\t\t<p>6-7 giugno 2026 \/ Borgata Paraloup&#8230;\t\t\t\t<\/div>\n\t\t\t\t\t\t<div class=\"uagb-post__text uagb-post__cta wp-block-button\">\n\t\t\t\t<a class=\"wp-block-button__link uagb-text-link\" style=\"\" href=\"https:\/\/fuoriruolo.it\/?eventi=ancora-in-tempo\" target=\"_self\" rel=\"bookmark noopener noreferrer\">Scopri di pi\u00f9<\/a>\n\t\t\t<\/div>\n\t\t\t\n\t\t\t\t\t\t\t\t\t<\/article>\n\t\t\t\t\t\t\t\t\t\t\t\t\t<div class=\"uagb-post-pagination-wrap\">\n\t\t\t\t\t\t\t\t\t\t\t<\/div>\n\t\t\t\t\t\t\t\t<\/div>\n\t\t\t<\/div><\/div>\n\n\n\n<p><\/p>\n","protected":false},"excerpt":{"rendered":"<p>Il progetto Lo sport non \u00e8 solo gesto atletico &#8211; \u00e8 narrazione collettiva, identit\u00e0, domanda sul senso Fuori Ruolo organizza incontri pubblici e laboratori a tema sportivo in cui libri e storie diventano pretesto per per stare insieme e pensare. Lavoriamo con appassionati, atleti, allenatori, genitori e bambini &#8211; in club e circoli sportivi, scuole&#8230;<\/p>\n","protected":false},"author":1,"featured_media":0,"parent":0,"menu_order":0,"comment_status":"closed","ping_status":"closed","template":"","meta":{"_acf_changed":false,"_uag_custom_page_level_css":"","_kad_post_transparent":"default","_kad_post_title":"hide","_kad_post_layout":"default","_kad_post_sidebar_id":"","_kad_post_content_style":"unboxed","_kad_post_vertical_padding":"hide","_kad_post_feature":"","_kad_post_feature_position":"","_kad_post_header":false,"_kad_post_footer":false,"_kad_post_classname":"","footnotes":""},"class_list":["post-47","page","type-page","status-publish","hentry"],"acf":[],"uagb_featured_image_src":{"full":false,"thumbnail":false,"medium":false,"medium_large":false,"large":false,"1536x1536":false,"2048x2048":false},"uagb_author_info":{"display_name":"admin","author_link":"https:\/\/fuoriruolo.it\/?author=1"},"uagb_comment_info":0,"uagb_excerpt":"Il progetto Lo sport non \u00e8 solo gesto atletico &#8211; \u00e8 narrazione collettiva, identit\u00e0, domanda sul senso Fuori Ruolo organizza incontri pubblici e laboratori a tema sportivo in cui libri e storie diventano pretesto per per stare insieme e pensare. Lavoriamo con appassionati, atleti, allenatori, genitori e bambini &#8211; in club e circoli sportivi, scuole...","_links":{"self":[{"href":"https:\/\/fuoriruolo.it\/index.php?rest_route=\/wp\/v2\/pages\/47","targetHints":{"allow":["GET"]}}],"collection":[{"href":"https:\/\/fuoriruolo.it\/index.php?rest_route=\/wp\/v2\/pages"}],"about":[{"href":"https:\/\/fuoriruolo.it\/index.php?rest_route=\/wp\/v2\/types\/page"}],"author":[{"embeddable":true,"href":"https:\/\/fuoriruolo.it\/index.php?rest_route=\/wp\/v2\/users\/1"}],"replies":[{"embeddable":true,"href":"https:\/\/fuoriruolo.it\/index.php?rest_route=%2Fwp%2Fv2%2Fcomments&post=47"}],"version-history":[{"count":170,"href":"https:\/\/fuoriruolo.it\/index.php?rest_route=\/wp\/v2\/pages\/47\/revisions"}],"predecessor-version":[{"id":404,"href":"https:\/\/fuoriruolo.it\/index.php?rest_route=\/wp\/v2\/pages\/47\/revisions\/404"}],"wp:attachment":[{"href":"https:\/\/fuoriruolo.it\/index.php?rest_route=%2Fwp%2Fv2%2Fmedia&parent=47"}],"curies":[{"name":"wp","href":"https:\/\/api.w.org\/{rel}","templated":true}]}}